{"id":3105,"date":"2020-06-12T20:14:35","date_gmt":"2020-06-12T18:14:35","guid":{"rendered":"https:\/\/voyages.pictures\/?page_id=3105"},"modified":"2020-06-12T20:14:35","modified_gmt":"2020-06-12T18:14:35","slug":"rgpd","status":"publish","type":"page","link":"https:\/\/voyages.pictures\/en\/rgpd\/","title":{"rendered":"RGPD"},"content":{"rendered":"<p>POLITIQUE DE CONFIDENTIALIT\u00c9<br \/>\nDU SITE :<br \/>\nwe-love-camping.com<br \/>\nARTICLE 1 : PR\u00c9AMBULE<br \/>\nCette politique de confidentialit\u00e9 s&#8217;applique au site : we-love-camping.com.<br \/>\nLa pr\u00e9sente politique de confidentialit\u00e9 a pour but d&#8217;exposer aux utilisateurs du site :<br \/>\nLa mani\u00e8re dont sont collect\u00e9es et trait\u00e9es leurs donn\u00e9es \u00e0 caract\u00e8re<br \/>\npersonnel. Doivent \u00eatre consid\u00e9r\u00e9es comme donn\u00e9es personnelles toutes les<br \/>\ndonn\u00e9es \u00e9tant susceptibles d&#8217;identifier un utilisateur. Il s&#8217;agit notamment du<br \/>\npr\u00e9nom et du nom, de l&#8217;\u00e2ge, de l&#8217;adresse postale, l&#8217;adresse mail, la localisation<br \/>\nde l&#8217;utilisateur ou encore son adresse IP ;<br \/>\nQuels sont les droits des utilisateurs concernant ces donn\u00e9es ;<br \/>\nQui est responsable du traitement des donn\u00e9es \u00e0 caract\u00e8re personnel<br \/>\ncollect\u00e9es et trait\u00e9es ;<br \/>\nA qui ces donn\u00e9es sont transmises ;<br \/>\n\u00c9ventuellement, la politique du site en mati\u00e8re de fichiers &#8220;cookies&#8221;.<br \/>\nCette politique de confidentialit\u00e9 compl\u00e8te les mentions l\u00e9gales et les Conditions<br \/>\nG\u00e9n\u00e9rales d&#8217;Utilisation que les utilisateurs peuvent consulter \u00e0 l&#8217;adresse ci-apr\u00e8s :<\/p>\n<blockquote class=\"wp-embedded-content\" data-secret=\"T8SmtQ5Biv\"><p><a href=\"https:\/\/voyages.pictures\/cgu\/\">CGU<\/a><\/p><\/blockquote>\n<p><iframe loading=\"lazy\" class=\"wp-embedded-content\" sandbox=\"allow-scripts\" security=\"restricted\" style=\"position: absolute; visibility: hidden;\" title=\"\u00ab\u00a0CGU\u00a0\u00bb &#8212; Emplacement de camping pour caravanes, tente et camping-car\" src=\"https:\/\/voyages.pictures\/cgu\/embed\/#?secret=M1FTPYrqFR#?secret=T8SmtQ5Biv\" data-secret=\"T8SmtQ5Biv\" width=\"600\" height=\"338\" frameborder=\"0\" marginwidth=\"0\" marginheight=\"0\" scrolling=\"no\"><\/iframe><br \/>\nARTICLE 2 : PRINCIPES G\u00c9N\u00c9RAUX EN MATI\u00c8RE DE COLLECTE ET DE<br \/>\nTRAITEMENT DE DONN\u00c9ES<br \/>\nConform\u00e9ment aux dispositions de l&#8217;article 5 du R\u00e8glement europ\u00e9en 2016\/679, la<br \/>\ncollecte et le traitement des donn\u00e9es des utilisateurs du site respectent les principes<br \/>\nsuivants :<br \/>\n2\/8<br \/>\nLic\u00e9it\u00e9, loyaut\u00e9 et transparence : les donn\u00e9es ne peuvent \u00eatre collect\u00e9es et<br \/>\ntrait\u00e9es qu&#8217;avec le consentement de l&#8217;utilisateur propri\u00e9taire des donn\u00e9es. A<br \/>\nchaque fois que des donn\u00e9es \u00e0 caract\u00e8re personnel seront collect\u00e9es, il sera<br \/>\nindiqu\u00e9 \u00e0 l&#8217;utilisateur que ses donn\u00e9es sont collect\u00e9es, et pour quelles raisons<br \/>\nses donn\u00e9es sont collect\u00e9es ;<br \/>\nFinalit\u00e9s limit\u00e9es : la collecte et le traitement des donn\u00e9es sont ex\u00e9cut\u00e9s pour<br \/>\nr\u00e9pondre \u00e0 un ou plusieurs objectifs d\u00e9termin\u00e9s dans les pr\u00e9sentes conditions<br \/>\ng\u00e9n\u00e9rales d&#8217;utilisation ;<br \/>\nMinimisation de la collecte et du traitement des donn\u00e9es : seules les donn\u00e9es<br \/>\nn\u00e9cessaires \u00e0 la bonne ex\u00e9cution des objectifs poursuivis par le site sont<br \/>\ncollect\u00e9es ;<br \/>\nConservation des donn\u00e9es r\u00e9duites dans le temps : les donn\u00e9es sont<br \/>\nconserv\u00e9es pour une dur\u00e9e limit\u00e9e, dont l&#8217;utilisateur est inform\u00e9. Lorsque cette<br \/>\ninformation ne peut pas \u00eatre communiqu\u00e9e, l&#8217;utilisateur est inform\u00e9 des crit\u00e8res<br \/>\nutilis\u00e9s pour d\u00e9terminer la dur\u00e9e de conservation ;<br \/>\nInt\u00e9grit\u00e9 et confidentialit\u00e9 des donn\u00e9es collect\u00e9es et trait\u00e9es : le responsable du<br \/>\ntraitement des donn\u00e9es s&#8217;engage \u00e0 garantir l&#8217;int\u00e9grit\u00e9 et la confidentialit\u00e9 des<br \/>\ndonn\u00e9es collect\u00e9es.<br \/>\nAfin d&#8217;\u00eatre licites, et ce conform\u00e9ment aux exigences de l&#8217;article 6 du r\u00e8glement<br \/>\neurop\u00e9en 2016\/679, la collecte et le traitement des donn\u00e9es \u00e0 caract\u00e8re personnel<br \/>\nne pourront intervenir que s&#8217;ils respectent au moins l&#8217;une des conditions ci-apr\u00e8s<br \/>\n\u00e9num\u00e9r\u00e9es :<br \/>\nL&#8217;utilisateur a express\u00e9ment consenti au traitement ;<br \/>\nLe traitement est n\u00e9cessaire \u00e0 la bonne ex\u00e9cution d&#8217;un contrat ;<br \/>\nLe traitement r\u00e9pond \u00e0 une obligation l\u00e9gale ;<br \/>\nLe traitement s&#8217;explique par une n\u00e9cessit\u00e9 li\u00e9e \u00e0 la sauvegarde des int\u00e9r\u00eats<br \/>\nvitaux de la personne concern\u00e9e ou d&#8217;une autre personne physique ;<br \/>\nLe traitement peut s&#8217;expliquer par une n\u00e9cessit\u00e9 li\u00e9e \u00e0 l&#8217;ex\u00e9cution d&#8217;une mission<br \/>\nd&#8217;int\u00e9r\u00eat public ou qui rel\u00e8ve de l&#8217;exercice de l&#8217;autorit\u00e9 publique ;<br \/>\nLe traitement et la collecte des donn\u00e9es \u00e0 caract\u00e8re personnel sont<br \/>\nn\u00e9cessaires aux fins des int\u00e9r\u00eats l\u00e9gitimes et priv\u00e9s poursuivis par le<br \/>\nresponsable du traitement ou par un tiers.<br \/>\nARTICLE 3 : DONN\u00c9ES \u00c0 CARACT\u00c8RE PERSONNEL COLLECT\u00c9ES ET<br \/>\nTRAIT\u00c9ES DANS LE CADRE DE LA NAVIGATION SUR LE SITE<br \/>\n3\/8<br \/>\nA. DONN\u00c9ES COLLECT\u00c9ES ET TRAIT\u00c9ES ET MODE DE COLLECTE<br \/>\nLes donn\u00e9es \u00e0 caract\u00e8re personnel collect\u00e9es sur le site We Love Camping sont les<br \/>\nsuivantes :<br \/>\nNom, adresse email, dates de s\u00e9jour sur le camping ou num\u00e9ro de r\u00e9servation<br \/>\nCes donn\u00e9es sont collect\u00e9es lorsque l&#8217;utilisateur effectue l&#8217;une des op\u00e9rations<br \/>\nsuivantes sur le site :<br \/>\nLorsque l&#8217;internaute laisse un avis sur un terrain de camping<br \/>\nLe responsable du traitement conservera dans ses syst\u00e8mes informatiques du site et<br \/>\ndans des conditions raisonnables de s\u00e9curit\u00e9 l&#8217;ensemble des donn\u00e9es collect\u00e9es<br \/>\npour une dur\u00e9e de : 6 mois.<br \/>\nLa collecte et le traitement des donn\u00e9es r\u00e9pondent aux finalit\u00e9s suivantes :<br \/>\nV\u00e9rifier que l&#8217;internaute qui laisse un avis sur un camping a bien s\u00e9journ\u00e9 sur le<br \/>\ncamping.<br \/>\nB. TRANSMISSION DES DONN\u00c9ES A DES TIERS<br \/>\nLes donn\u00e9es \u00e0 caract\u00e8re personnel collect\u00e9es par le site ne sont transmises \u00e0 aucun<br \/>\ntiers, et ne sont trait\u00e9es que par l&#8217;\u00e9diteur du site.<br \/>\nC. H\u00c9BERGEMENT DES DONN\u00c9ES<br \/>\nLe site We Love Camping est h\u00e9berg\u00e9 par : Gandi, dont le si\u00e8ge est situ\u00e9 \u00e0 l&#8217;adresse<br \/>\nci-apr\u00e8s :<br \/>\n63-65 Boulevard Mass\u00e9na, 75013 Paris<br \/>\nL&#8217;h\u00e9bergeur peut \u00eatre contact\u00e9 au num\u00e9ro de t\u00e9l\u00e9phone suivant : 01 70 37 76 61<br \/>\nLes donn\u00e9es collect\u00e9es et trait\u00e9es par le site sont exclusivement h\u00e9berg\u00e9es et<br \/>\ntrait\u00e9es en France.<br \/>\nARTICLE 4 : RESPONSABLE DU TRAITEMENT DES DONN\u00c9ES<br \/>\nA. LE RESPONSABLE DU TRAITEMENT DES DONN\u00c9ES<br \/>\nLe responsable du traitement des donn\u00e9es \u00e0 caract\u00e8re personnel est : Thomas<br \/>\n4\/8<br \/>\nLAMBELIN. Il peut \u00eatre contact\u00e9 de la mani\u00e8re suivante :<br \/>\nPar email : thomas@lambelin.com ou par t\u00e9l\u00e9phone : 0610110448<br \/>\nLe responsable du traitement des donn\u00e9es est charg\u00e9 de d\u00e9terminer les finalit\u00e9s et<br \/>\nles moyens mis au service du traitement des donn\u00e9es \u00e0 caract\u00e8re personnel.<br \/>\nB. OBLIGATIONS DU RESPONSABLE DU TRAITEMENT DES DONN\u00c9ES<br \/>\nLe responsable du traitement s&#8217;engage \u00e0 prot\u00e9ger les donn\u00e9es \u00e0 caract\u00e8re personnel<br \/>\ncollect\u00e9es, \u00e0 ne pas les transmettre \u00e0 des tiers sans que l&#8217;utilisateur n&#8217;en ait \u00e9t\u00e9<br \/>\ninform\u00e9 et \u00e0 respecter les finalit\u00e9s pour lesquelles ces donn\u00e9es ont \u00e9t\u00e9 collect\u00e9es.<br \/>\nLe site dispose d&#8217;un certificat SSL afin de garantir que les informations et le transfert<br \/>\ndes donn\u00e9es transitant par le site sont s\u00e9curis\u00e9s.<br \/>\nUn certificat SSL (&#8220;Secure Socket Layer&#8221; Certificate) a pour but de s\u00e9curiser les<br \/>\ndonn\u00e9es \u00e9chang\u00e9es entre l&#8217;utilisateur et le site.<br \/>\nDe plus, le responsable du traitement des donn\u00e9es s&#8217;engage \u00e0 notifier l&#8217;utilisateur en<br \/>\ncas de rectification ou de suppression des donn\u00e9es, \u00e0 moins que cela n&#8217;entra\u00eene<br \/>\npour lui des formalit\u00e9s, co\u00fbts et d\u00e9marches disproportionn\u00e9s.<br \/>\nDans le cas o\u00f9 l&#8217;int\u00e9grit\u00e9, la confidentialit\u00e9 ou la s\u00e9curit\u00e9 des donn\u00e9es \u00e0 caract\u00e8re<br \/>\npersonnel de l&#8217;utilisateur est compromise, le responsable du traitement s&#8217;engage \u00e0<br \/>\ninformer l&#8217;utilisateur par tout moyen.<br \/>\nARTICLE 5 : DROITS DE L&#8217;UTILISATEUR<br \/>\nConform\u00e9ment \u00e0 la r\u00e9glementation concernant le traitement des donn\u00e9es \u00e0 caract\u00e8re<br \/>\npersonnel, l&#8217;utilisateur poss\u00e8de les droits ci-apr\u00e8s \u00e9num\u00e9r\u00e9s.<br \/>\nAfin que le responsable du traitement des donn\u00e9es fasse droit \u00e0 sa demande,<br \/>\nl&#8217;utilisateur est tenu de lui communiquer : ses pr\u00e9nom et nom ainsi que son adresse<br \/>\ne-mail.<br \/>\nLe responsable du traitement des donn\u00e9es est tenu de r\u00e9pondre \u00e0 l&#8217;utilisateur dans<br \/>\nun d\u00e9lai de 30 (trente) jours maximum.<br \/>\nA. PR\u00c9SENTATION DES DROITS DE L&#8217;UTILISATEUR EN MATI\u00c8RE DE<br \/>\nCOLLECTE ET TRAITEMENT DE DONN\u00c9ES<br \/>\n5\/8<br \/>\na. Droit d&#8217;acc\u00e8s, de rectification et droit \u00e0 l&#8217;effacement<br \/>\nL&#8217;utilisateur peut prendre connaissance, mettre \u00e0 jour, modifier ou demander la<br \/>\nsuppression des donn\u00e9es le concernant, en respectant la proc\u00e9dure ci-apr\u00e8s<br \/>\n\u00e9nonc\u00e9e :<br \/>\nL&#8217;internaute doit envoyer un email au responsable du site \u00e0 l&#8217;adresse<br \/>\ncontact@we-love-camping.com<br \/>\nb. Droit \u00e0 la portabilit\u00e9 des donn\u00e9es<br \/>\nL&#8217;utilisateur a le droit de demander la portabilit\u00e9 de ses donn\u00e9es personnelles,<br \/>\nd\u00e9tenues par le site, vers un autre site, en se conformant \u00e0 la proc\u00e9dure ci-apr\u00e8s :<br \/>\nPar email : contact@we-love-camping.com<br \/>\nc. Droit \u00e0 la limitation et \u00e0 l&#8217;opposition du traitement des donn\u00e9es<br \/>\nL&#8217;utilisateur a le droit de demander la limitation ou de s&#8217;opposer au traitement de ses<br \/>\ndonn\u00e9es par le site, sans que le site ne puisse refuser, sauf \u00e0 d\u00e9montrer l&#8217;existence<br \/>\nde motifs l\u00e9gitimes et imp\u00e9rieux, pouvant pr\u00e9valoir sur les int\u00e9r\u00eats et les droits et<br \/>\nlibert\u00e9s de l&#8217;utilisateur.<br \/>\nAfin de demander la limitation du traitement de ses donn\u00e9es ou de formuler une<br \/>\nopposition au traitement de ses donn\u00e9es, l&#8217;utilisateur doit suivre la proc\u00e9dure<br \/>\nsuivante :<br \/>\nPar email : contact@we-love-camping.com<br \/>\nd. Droit de ne pas faire l&#8217;objet d&#8217;une d\u00e9cision fond\u00e9e exclusivement sur un proc\u00e9d\u00e9<br \/>\nautomatis\u00e9<br \/>\nConform\u00e9ment aux dispositions du r\u00e8glement 2016\/679, l&#8217;utilisateur a le droit de ne<br \/>\npas faire l&#8217;objet d&#8217;une d\u00e9cision fond\u00e9e exclusivement sur un proc\u00e9d\u00e9 automatis\u00e9 si la<br \/>\nd\u00e9cision produit des effets juridiques le concernant, ou l&#8217;affecte de mani\u00e8re<br \/>\nsignificative de fa\u00e7on similaire.<br \/>\ne. Droit de d\u00e9terminer le sort des donn\u00e9es apr\u00e8s la mort<br \/>\nIl est rappel\u00e9 \u00e0 l&#8217;utilisateur qu&#8217;il peut organiser quel doit \u00eatre le devenir de ses<br \/>\ndonn\u00e9es collect\u00e9es et trait\u00e9es s&#8217;il d\u00e9c\u00e8de, conform\u00e9ment \u00e0 la loi n\u00b02016-1321 du 7<br \/>\noctobre 2016.<br \/>\n6\/8<br \/>\nf. Droit de saisir l&#8217;autorit\u00e9 de contr\u00f4le comp\u00e9tente<br \/>\nDans le cas o\u00f9 le responsable du traitement des donn\u00e9es d\u00e9cide de ne pas r\u00e9pondre<br \/>\n\u00e0 la demande de l&#8217;utilisateur, et que l&#8217;utilisateur souhaite contester cette d\u00e9cision, ou,<br \/>\ns&#8217;il pense qu&#8217;il est port\u00e9 atteinte \u00e0 l&#8217;un des droits \u00e9num\u00e9r\u00e9s ci-dessus, il est en droit<br \/>\nde saisir la CNIL (Commission Nationale de l&#8217;Informatique et des Libert\u00e9s,<br \/>\nhttps:\/\/www.cnil.fr) ou tout juge comp\u00e9tent.<br \/>\nB. DONN\u00c9ES PERSONNELLES DES PERSONNES MINEURES<br \/>\nConform\u00e9ment aux dispositions de l&#8217;article 8 du r\u00e8glement europ\u00e9en 2016\/679 et \u00e0 la<br \/>\nloi Informatique et Libert\u00e9s, seuls les mineurs \u00e2g\u00e9s de 15 ans ou plus peuvent<br \/>\nconsentir au traitement de leurs donn\u00e9es personnelles.<br \/>\nSi l&#8217;utilisateur est un mineur de moins de 15 ans, l&#8217;accord d&#8217;un repr\u00e9sentant l\u00e9gal<br \/>\nsera requis afin que des donn\u00e9es \u00e0 caract\u00e8re personnel puissent \u00eatre collect\u00e9es et<br \/>\ntrait\u00e9es.<br \/>\nL&#8217;\u00e9diteur du site se r\u00e9serve le droit de v\u00e9rifier par tout moyen que l&#8217;utilisateur est \u00e2g\u00e9<br \/>\nde plus de 15 ans, ou qu&#8217;il aura obtenu l&#8217;accord d&#8217;un repr\u00e9sentant l\u00e9gal avant de<br \/>\nnaviguer sur le site.<br \/>\nARTICLE 6 : UTILISATION DES FICHIERS &#8220;COOKIES&#8221;<br \/>\nLe site a \u00e9ventuellement recours aux techniques de &#8220;cookies&#8221;.<br \/>\nUn &#8220;cookie&#8221; est un fichier de petite taille (moins de 4 ko), stock\u00e9 par le site sur le<br \/>\ndisque dur de l&#8217;utilisateur, contenant des informations relatives aux habitudes de<br \/>\nnavigation de l&#8217;utilisateur.<br \/>\nCes fichiers lui permettent de traiter des statistiques et des informations sur le trafic,<br \/>\nde faciliter la navigation et d&#8217;am\u00e9liorer le service pour le confort de l&#8217;utilisateur.<br \/>\nPour l&#8217;utilisation de fichiers &#8220;cookies&#8221; impliquant la sauvegarde et l&#8217;analyse de<br \/>\ndonn\u00e9es \u00e0 caract\u00e8re personnel, le consentement de l&#8217;utilisateur est n\u00e9cessairement<br \/>\ndemand\u00e9.<br \/>\nCe consentement de l&#8217;utilisateur est consid\u00e9r\u00e9 comme valide pour une dur\u00e9e de 13<br \/>\n(treize) mois maximum. A l&#8217;issue de cette p\u00e9riode, le site demandera \u00e0 nouveau<br \/>\nl&#8217;autorisation de l&#8217;utilisateur pour enregistrer des fichiers &#8220;cookies&#8221; sur son disque dur.<br \/>\n7\/8<br \/>\na. Opposition de l&#8217;utilisateur \u00e0 l&#8217;utilisation de fichiers &#8220;cookies&#8221; par le site<br \/>\nIl est port\u00e9 \u00e0 la connaissance de l&#8217;utilisateur qu&#8217;il peut s&#8217;opposer \u00e0 l&#8217;enregistrement de<br \/>\nces fichiers &#8220;cookies&#8221; en configurant son logiciel de navigation.<br \/>\nPour information, l&#8217;utilisateur peut trouver aux adresses suivantes les d\u00e9marches \u00e0<br \/>\nsuivre afin de configurer son logiciel de navigation pour s&#8217;opposer \u00e0 l&#8217;enregistrement<br \/>\ndes fichiers &#8220;cookies&#8221; :<br \/>\nChrome : https:\/\/support.google.com\/accounts\/answer\/61416?hl=fr<br \/>\nFirefox :<br \/>\nhttps:\/\/support.mozilla.org\/fr\/kb\/enable-and-disable-cookies-website-preference<br \/>\ns<br \/>\nSafari : http:\/\/www.apple.com\/legal\/privacy\/fr-ww\/<br \/>\nInternet Explorer :<br \/>\nhttps:\/\/support.microsoft.com\/fr-fr\/help\/17442\/windows-internet-explorer-deletemanage-cookies<br \/>\nOpera : http:\/\/www.opera.com\/help\/tutorials\/security\/cookies\/<br \/>\nDans le cas o\u00f9 l&#8217;utilisateur d\u00e9cide de d\u00e9sactiver les fichiers &#8220;cookies&#8221;, il pourra<br \/>\npoursuivre sa navigation sur le site. Toutefois, tout dysfonctionnement du site<br \/>\nprovoqu\u00e9 par cette manipulation ne pourrait \u00eatre consid\u00e9r\u00e9 comme \u00e9tant du fait de<br \/>\nl&#8217;\u00e9diteur du site.<br \/>\nb. Description des fichiers &#8220;cookies&#8221; utilis\u00e9s par le site<br \/>\nL&#8217;\u00e9diteur du site attire l&#8217;attention de l&#8217;utilisateur sur le fait que les cookies suivants<br \/>\nsont utilis\u00e9s lors de sa navigation :<br \/>\nCookies WPML qui permettent une utilisation multilingue du site (identification de<br \/>\nla langue de l&#8217;utilisateur)<br \/>\nEn naviguant sur le site, il est port\u00e9 \u00e0 connaissance de l&#8217;utilisateur que des fichiers<br \/>\n&#8220;cookies&#8221; de tiers peuvent \u00eatre enregistr\u00e9s.<br \/>\nIl s&#8217;agit plus particuli\u00e8rement des tiers suivants :<br \/>\nYoutube<br \/>\nGoogle analytics<br \/>\nGoogle Map<br \/>\n8\/8<br \/>\nDe plus, le site int\u00e8gre des boutons de r\u00e9seaux sociaux, permettant \u00e0 l&#8217;utilisateur de<br \/>\npartager son activit\u00e9 sur le site. Des fichiers &#8220;cookies&#8221; de ces r\u00e9seaux sociaux sont<br \/>\npar cons\u00e9quent susceptibles d&#8217;\u00eatre stock\u00e9s sur l&#8217;ordinateur de l&#8217;utilisateur lorsqu&#8217;il<br \/>\nutilise ces fonctionnalit\u00e9s.<br \/>\nL&#8217;attention de l&#8217;utilisateur est port\u00e9e sur le fait que ces sites disposent de politiques<br \/>\nde confidentialit\u00e9 propres et de conditions g\u00e9n\u00e9rales d&#8217;utilisation possiblement<br \/>\ndiff\u00e9rentes du site. L&#8217;\u00e9diteur du site invite les utilisateurs \u00e0 consulter les politiques de<br \/>\nconfidentialit\u00e9 et les conditions g\u00e9n\u00e9rales d&#8217;utilisation de ces sites.<br \/>\nARTICLE 7 : CONDITIONS DE MODIFICATION DE LA POLITIQUE DE<br \/>\nCONFIDENTIALIT\u00c9<br \/>\nLa pr\u00e9sente politique de confidentialit\u00e9 peut \u00eatre consult\u00e9e \u00e0 tout moment \u00e0 l&#8217;adresse<br \/>\nci-apr\u00e8s indiqu\u00e9e :<\/p>\n<blockquote class=\"wp-embedded-content\" data-secret=\"gDAwHntshO\"><p><a href=\"https:\/\/voyages.pictures\/rgpd\/\">RGPD<\/a><\/p><\/blockquote>\n<p><iframe loading=\"lazy\" class=\"wp-embedded-content\" sandbox=\"allow-scripts\" security=\"restricted\" style=\"position: absolute; visibility: hidden;\" title=\"\u00ab\u00a0RGPD\u00a0\u00bb &#8212; Emplacement de camping pour caravanes, tente et camping-car\" src=\"https:\/\/voyages.pictures\/rgpd\/embed\/#?secret=pULiAV4w2j#?secret=gDAwHntshO\" data-secret=\"gDAwHntshO\" width=\"600\" height=\"338\" frameborder=\"0\" marginwidth=\"0\" marginheight=\"0\" scrolling=\"no\"><\/iframe><br \/>\nL&#8217;\u00e9diteur du site se r\u00e9serve le droit de la modifier afin de garantir sa conformit\u00e9 avec<br \/>\nle droit en vigueur.<br \/>\nPar cons\u00e9quent, l&#8217;utilisateur est invit\u00e9 \u00e0 venir consulter r\u00e9guli\u00e8rement cette politique<br \/>\nde confidentialit\u00e9 afin de se tenir inform\u00e9 des derniers changements qui lui seront<br \/>\napport\u00e9s.<br \/>\nIl est port\u00e9 \u00e0 la connaissance de l&#8217;utilisateur que la derni\u00e8re mise \u00e0 jour de la<br \/>\npr\u00e9sente politique de confidentialit\u00e9 est intervenue le : 12\/06\/2020.<br \/>\nARTICLE 8 : ACCEPTATION PAR L&#8217;UTILISATEUR DE LA POLITIQUE DE<br \/>\nCONFIDENTIALIT\u00c9<br \/>\nEn naviguant sur le site, l&#8217;utilisateur atteste avoir lu et compris la pr\u00e9sente politique<br \/>\nde confidentialit\u00e9 et en accepte les conditions, en ce qui concerne plus<br \/>\nparticuli\u00e8rement la collecte et le traitement de ses donn\u00e9es \u00e0 caract\u00e8re personnel,<br \/>\nainsi que l&#8217;utilisation de fichiers &#8220;cookies&#8221;.<\/p>\n","protected":false},"excerpt":{"rendered":"<p>POLITIQUE DE CONFIDENTIALIT\u00c9 DU SITE : we-love-camping.com ARTICLE 1 : PR\u00c9AMBULE Cette politique de confidentialit\u00e9 s&#8217;applique au site : we-love-camping.com. La pr\u00e9sente politique de confidentialit\u00e9 a pour but d&#8217;exposer aux utilisateurs du site : La mani\u00e8re dont sont collect\u00e9es et trait\u00e9es leurs donn\u00e9es \u00e0 caract\u00e8re personnel. Doivent \u00eatre consid\u00e9r\u00e9es comme donn\u00e9es personnelles toutes les donn\u00e9es \u00e9tant susceptibles d&#8217;identifier un utilisateur&#8230;.<\/p>\n","protected":false},"author":1,"featured_media":0,"parent":0,"menu_order":0,"comment_status":"closed","ping_status":"closed","template":"","meta":{"footnotes":""},"class_list":["post-3105","page","type-page","status-publish","hentry"],"_links":{"self":[{"href":"https:\/\/voyages.pictures\/en\/wp-json\/wp\/v2\/pages\/3105","targetHints":{"allow":["GET"]}}],"collection":[{"href":"https:\/\/voyages.pictures\/en\/wp-json\/wp\/v2\/pages"}],"about":[{"href":"https:\/\/voyages.pictures\/en\/wp-json\/wp\/v2\/types\/page"}],"author":[{"embeddable":true,"href":"https:\/\/voyages.pictures\/en\/wp-json\/wp\/v2\/users\/1"}],"replies":[{"embeddable":true,"href":"https:\/\/voyages.pictures\/en\/wp-json\/wp\/v2\/comments?post=3105"}],"version-history":[{"count":0,"href":"https:\/\/voyages.pictures\/en\/wp-json\/wp\/v2\/pages\/3105\/revisions"}],"wp:attachment":[{"href":"https:\/\/voyages.pictures\/en\/wp-json\/wp\/v2\/media?parent=3105"}],"curies":[{"name":"wp","href":"https:\/\/api.w.org\/{rel}","templated":true}]}}