{"id":3108,"date":"2020-06-12T20:21:01","date_gmt":"2020-06-12T18:21:01","guid":{"rendered":"https:\/\/voyages.pictures\/?page_id=3108"},"modified":"2020-06-12T20:21:01","modified_gmt":"2020-06-12T18:21:01","slug":"cgu","status":"publish","type":"page","link":"https:\/\/voyages.pictures\/en\/cgu\/","title":{"rendered":"CGU"},"content":{"rendered":"<p>1\/5<br \/>\nCONDITIONS G\u00c9N\u00c9RALES D&#8217;UTILISATION DU SITE<br \/>\nWe Love Camping<br \/>\nARTICLE 1. INFORMATIONS L\u00c9GALES<br \/>\nEn vertu de l&#8217;article 6 de la Loi n\u00b0 2004-575 du 21 juin 2004 pour la confiance dans<br \/>\nl&#8217;\u00e9conomie num\u00e9rique, il est pr\u00e9cis\u00e9 dans cet article l&#8217;identit\u00e9 des diff\u00e9rents<br \/>\nintervenants dans le cadre de sa r\u00e9alisation et de son suivi.<br \/>\nLe site We Love Camping est \u00e9dit\u00e9 par :<br \/>\nSASU TL Image, dont le si\u00e8ge si\u00e8ge social est situ\u00e9 \u00e0 l&#8217;adresse suivante : 14 rue st<br \/>\ngermain, 71100 Chalon sur Sa\u00f4ne, et immatricul\u00e9e au registre suivant : 849 857 784<br \/>\nR.C.S. Chalon-sur-Sa\u00f4ne.<br \/>\nT\u00e9l\u00e9phone : 0610110448\/ Adresse e-mail : thomas@lambelin.com.<br \/>\nLe directeur de publication du site est : Thomas Lambelin.<br \/>\nLe site We Love Camping est h\u00e9berg\u00e9 par :<br \/>\nGandi, dont le si\u00e8ge est situ\u00e9 \u00e0 l&#8217;adresse ci-apr\u00e8s :<br \/>\n63-65 Boulevard Mass\u00e9na, 75013 Paris<br \/>\nNum\u00e9ro de t\u00e9l\u00e9phone : 01 70 37 76 61<br \/>\nARTICLE 2. PR\u00c9SENTATION DU SITE<br \/>\nLe site We Love Camping a pour objet :<br \/>\nMagazine sur le camping et promotion des terrains de camping ayant moins d&#8217;un<br \/>\ntiers d&#8217;h\u00e9bergements locatifs<br \/>\nARTICLE 3. CONTACT<br \/>\nPour toute question ou demande d&#8217;information concernant le site, ou tout<br \/>\nsignalement de contenu ou d&#8217;activit\u00e9s illicites, l&#8217;utilisateur peut contacter l&#8217;\u00e9diteur \u00e0<br \/>\nl&#8217;adresse e-mail suivante: contact@we-love-camping.com ou adresser un courrier<br \/>\n2\/5<br \/>\nrecommand\u00e9 avec accus\u00e9 de r\u00e9ception \u00e0 : SASU TL Image &#8211; 14 rue st germain,<br \/>\n71100 Chalon sur Sa\u00f4ne<br \/>\nARTICLE 4. ACCEPTATION DES CONDITIONS D&#8217;UTILISATION<br \/>\nL&#8217;acc\u00e8s et l&#8217;utilisation du site sont soumis \u00e0 l&#8217;acceptation et au respect des pr\u00e9sentes<br \/>\nConditions G\u00e9n\u00e9rales d&#8217;Utilisation.<br \/>\nL&#8217;\u00e9diteur se r\u00e9serve le droit de modifier, \u00e0 tout moment et sans pr\u00e9avis, le site et des<br \/>\nservices ainsi que les pr\u00e9sentes CGU, notamment pour s&#8217;adapter aux \u00e9volutions du<br \/>\nsite par la mise \u00e0 disposition de nouvelles fonctionnalit\u00e9s ou la suppression ou la<br \/>\nmodification de fonctionnalit\u00e9s existantes.<br \/>\nIl est donc conseill\u00e9 \u00e0 l&#8217;utilisateur de se r\u00e9f\u00e9rer avant toute navigation \u00e0 la derni\u00e8re<br \/>\nversion des CGU, accessible \u00e0 tout moment sur le site. En cas de d\u00e9saccord avec<br \/>\nles CGU, aucun usage du site ne saurait \u00eatre effectu\u00e9 par l&#8217;utilisateur.<br \/>\nARTICLE 5. ACC\u00c8S ET NAVIGATION<br \/>\nL&#8217;\u00e9diteur met en \u0153uvre les solutions techniques \u00e0 sa disposition pour permettre<br \/>\nl&#8217;acc\u00e8s au site 24 heures sur 24, 7 jours sur 7. Il pourra n\u00e9anmoins \u00e0 tout moment<br \/>\nsuspendre, limiter ou interrompre l&#8217;acc\u00e8s au site ou \u00e0 certaines pages de celui-ci afin<br \/>\nde proc\u00e9der \u00e0 des mises \u00e0 jours, des modifications de son contenu ou tout autre<br \/>\naction jug\u00e9e n\u00e9cessaire au bon fonctionnement du site.<br \/>\nLa connexion et la navigation sur le site We Love Camping valent acceptation sans<br \/>\nr\u00e9serve des pr\u00e9sentes Conditions G\u00e9n\u00e9rales d&#8217;Utilisation, quelques soient les<br \/>\nmoyens techniques d&#8217;acc\u00e8s et les terminaux utilis\u00e9s.<br \/>\nLes pr\u00e9sentes CGU s&#8217;appliquent, en tant que de besoin, \u00e0 toute d\u00e9clinaison ou<br \/>\nextension du site sur les r\u00e9seaux sociaux et\/ou communautaires existants ou \u00e0 venir.<br \/>\nARTICLE 6. GESTION DU SITE<br \/>\nPour la bonne gestion du site, l&#8217;\u00e9diteur pourra \u00e0 tout moment :<br \/>\nSuspendre, interrompre ou limiter l&#8217;acc\u00e8s \u00e0 tout ou partie du site, r\u00e9server<br \/>\nl&#8217;acc\u00e8s au site, ou \u00e0 certaines parties du site, \u00e0 une cat\u00e9gorie d\u00e9termin\u00e9e<br \/>\nd&#8217;internaute ;<br \/>\nSupprimer toute information pouvant en perturber le fonctionnement ou entrant<br \/>\nen contravention avec les lois nationales ou internationales, ou avec les r\u00e8gles<br \/>\nde la N\u00e9tiquette ;<br \/>\n3\/5<br \/>\nSuspendre le site afin de proc\u00e9der \u00e0 des mises \u00e0 jour.<br \/>\nARTICLE 7. RESPONSABILIT\u00c9S<br \/>\nL&#8217;\u00e9diteur n&#8217;est responsable que du contenu qu&#8217;il a lui-m\u00eame \u00e9dit\u00e9.<br \/>\nL&#8217;\u00e9diteur n&#8217;est pas responsable :<br \/>\nEn cas de probl\u00e9matiques ou d\u00e9faillances techniques, informatiques ou de<br \/>\ncompatibilit\u00e9 du site avec un mat\u00e9riel ou logiciel quel qu&#8217;il soit ;<br \/>\nDes dommages directs ou indirects, mat\u00e9riels ou immat\u00e9riels, pr\u00e9visibles ou<br \/>\nimpr\u00e9visibles r\u00e9sultant de l&#8217;utilisation ou des difficult\u00e9s d&#8217;utilisation du site ou de<br \/>\nses services ;<br \/>\nDes caract\u00e9ristiques intrins\u00e8ques de l&#8217;Internet, notamment celles relatives au<br \/>\nmanque de fiabilit\u00e9 et au d\u00e9faut de s\u00e9curisation des informations y circulant ;<br \/>\nDes contenus ou activit\u00e9s illicites utilisant son site et ce, sans qu&#8217;il en ait pris<br \/>\nd\u00fbment connaissance au sens de la Loi n\u00b0 2004-575 du 21 juin 2004 pour la<br \/>\nconfiance dans l&#8217;\u00e9conomie num\u00e9rique et la Loi n\u00b02004-801 du 6 ao\u00fbt 2004<br \/>\nrelative \u00e0 la protection des personnes physiques \u00e0 l&#8217;\u00e9gard de traitement de<br \/>\ndonn\u00e9es \u00e0 caract\u00e8re personnel.<br \/>\nPar ailleurs, le site ne saurait garantir l&#8217;exactitude, la compl\u00e9tude, et l&#8217;actualit\u00e9 des<br \/>\ninformations qui y sont diffus\u00e9es.<br \/>\nL&#8217;utilisateur est responsable :<br \/>\nDe la protection de son mat\u00e9riel et de ses donn\u00e9es ;<br \/>\nDe l&#8217;utilisation qu&#8217;il fait du site ou de ses services ;<br \/>\nS&#8217;il ne respecte ni la lettre, ni l&#8217;esprit des pr\u00e9sentes CGU.<br \/>\nARTICLE 8. LIENS HYPERTEXTES<br \/>\nLe site peut contenir des liens hypertextes pointant vers d&#8217;autres sites internet sur<br \/>\nlesquels We Love Camping n&#8217;exerce pas de contr\u00f4le. Malgr\u00e9 les v\u00e9rifications<br \/>\npr\u00e9alables et r\u00e9guli\u00e8res r\u00e9alis\u00e9s par l&#8217;\u00e9diteur, celui-ci d\u00e9cline tout responsabilit\u00e9<br \/>\nquant aux contenus qu&#8217;il est possible de trouver sur ces sites.<br \/>\nL&#8217;\u00e9diteur autorise la mise en place de liens hypertextes vers toute page ou document<br \/>\nde son site sous r\u00e9serve que la mise en place de ces liens ne soit pas r\u00e9alis\u00e9e \u00e0 des<br \/>\nfins commerciales ou publicitaires.<br \/>\n4\/5<br \/>\nEn outre, l&#8217;information pr\u00e9alable de l&#8217;\u00e9diteur du site est n\u00e9cessaire avant toute mise<br \/>\nen place de lien hypertexte.<br \/>\nSont exclus de cette autorisation les sites diffusant des informations \u00e0 caract\u00e8re<br \/>\nillicite, violent, pol\u00e9mique, pornographique, x\u00e9nophobe ou pouvant porter atteinte \u00e0 la<br \/>\nsensibilit\u00e9 du plus grand nombre.<br \/>\nEnfin, We Love Camping se r\u00e9serve le droit de faire supprimer \u00e0 tout moment un lien<br \/>\nhypertexte pointant vers son site, si le site l&#8217;estime non conforme \u00e0 sa politique<br \/>\n\u00e9ditoriale.<br \/>\nARTICLE 9 : CONFIDENTIALIT\u00c9<br \/>\nEn plus des pr\u00e9sentes Conditions G\u00e9n\u00e9rales, le site dispose d&#8217;une politique de<br \/>\nconfidentialit\u00e9 qui d\u00e9crit la mani\u00e8re dont les donn\u00e9es \u00e0 caract\u00e8re personnel sont<br \/>\ntrait\u00e9es lorsque l&#8217;utilisateur se rend sur le site, ainsi que la mani\u00e8re dont les cookies<br \/>\nsont utilis\u00e9s.<br \/>\nEn naviguant sur le site, l&#8217;utilisateur d\u00e9clare avoir \u00e9galement pris connaissance de la<br \/>\npolitique de confidentialit\u00e9 susmentionn\u00e9e.<br \/>\nARTICLE 10. PROPRI\u00c9T\u00c9 INTELLECTUELLE<br \/>\nLa structuration du site mais aussi les textes, graphiques, images, photographies,<br \/>\nsons, vid\u00e9os et applications informatiques qui le composent sont la propri\u00e9t\u00e9 de<br \/>\nl&#8217;\u00e9diteur et sont prot\u00e9g\u00e9s comme tels par les lois en vigueur au titre de la propri\u00e9t\u00e9<br \/>\nintellectuelle.<br \/>\nToute repr\u00e9sentation, reproduction, adaptation ou exploitation partielle ou totale des<br \/>\ncontenus, marques d\u00e9pos\u00e9es et services propos\u00e9s par le site, par quelque proc\u00e9d\u00e9<br \/>\nque ce soit, sans l&#8217;autorisation pr\u00e9alable, expresse et \u00e9crite de l&#8217;\u00e9diteur, est<br \/>\nstrictement interdite et serait susceptible de constituer une contrefa\u00e7on au sens des<br \/>\narticles L. 335-2 et suivants du Code de la propri\u00e9t\u00e9 intellectuelle. Et ce, \u00e0 l&#8217;exception<br \/>\ndes \u00e9l\u00e9ments express\u00e9ment d\u00e9sign\u00e9s comme libres de droits sur le site.<br \/>\nL&#8217;acc\u00e8s au site ne vaut pas reconnaissance d&#8217;un droit et, de mani\u00e8re g\u00e9n\u00e9rale, ne<br \/>\nconf\u00e8re aucun droit de propri\u00e9t\u00e9 intellectuelle relatif \u00e0 un \u00e9l\u00e9ment du site, lesquels<br \/>\nrestent la propri\u00e9t\u00e9 exclusive de l&#8217;\u00e9diteur.<br \/>\nIl est interdit \u00e0 l&#8217;utilisateur d&#8217;introduire des donn\u00e9es sur le site qui modifieraient ou qui<br \/>\nseraient susceptibles d&#8217;en modifier le contenu ou l&#8217;apparence.<br \/>\n5\/5<br \/>\nARTICLE 11. LOI APPLICABLE ET JURIDICTION COMP\u00c9TENTE<br \/>\nLes pr\u00e9sentes Conditions G\u00e9n\u00e9rales d&#8217;Utilisation sont r\u00e9gies par la loi fran\u00e7aise. En<br \/>\ncas de diff\u00e9rend et \u00e0 d\u00e9faut d&#8217;accord amiable, le litige sera port\u00e9 devant les tribunaux<br \/>\nfran\u00e7ais conform\u00e9ment aux r\u00e8gles de comp\u00e9tence en vigueur.<br \/>\nLe site We Love Camping vous souhaite une excellente navigation !<\/p>\n","protected":false},"excerpt":{"rendered":"<p>1\/5 CONDITIONS G\u00c9N\u00c9RALES D&#8217;UTILISATION DU SITE We Love Camping ARTICLE 1. INFORMATIONS L\u00c9GALES En vertu de l&#8217;article 6 de la Loi n\u00b0 2004-575 du 21 juin 2004 pour la confiance dans l&#8217;\u00e9conomie num\u00e9rique, il est pr\u00e9cis\u00e9 dans cet article l&#8217;identit\u00e9 des diff\u00e9rents intervenants dans le cadre de sa r\u00e9alisation et de son suivi. Le site We Love Camping est \u00e9dit\u00e9&#8230;<\/p>\n","protected":false},"author":1,"featured_media":0,"parent":0,"menu_order":0,"comment_status":"closed","ping_status":"closed","template":"","meta":{"footnotes":""},"class_list":["post-3108","page","type-page","status-publish","hentry"],"_links":{"self":[{"href":"https:\/\/voyages.pictures\/en\/wp-json\/wp\/v2\/pages\/3108","targetHints":{"allow":["GET"]}}],"collection":[{"href":"https:\/\/voyages.pictures\/en\/wp-json\/wp\/v2\/pages"}],"about":[{"href":"https:\/\/voyages.pictures\/en\/wp-json\/wp\/v2\/types\/page"}],"author":[{"embeddable":true,"href":"https:\/\/voyages.pictures\/en\/wp-json\/wp\/v2\/users\/1"}],"replies":[{"embeddable":true,"href":"https:\/\/voyages.pictures\/en\/wp-json\/wp\/v2\/comments?post=3108"}],"version-history":[{"count":0,"href":"https:\/\/voyages.pictures\/en\/wp-json\/wp\/v2\/pages\/3108\/revisions"}],"wp:attachment":[{"href":"https:\/\/voyages.pictures\/en\/wp-json\/wp\/v2\/media?parent=3108"}],"curies":[{"name":"wp","href":"https:\/\/api.w.org\/{rel}","templated":true}]}}